{"id":394,"date":"2020-04-16T21:06:06","date_gmt":"2020-04-16T21:06:06","guid":{"rendered":"https:\/\/samirakentric.com\/?page_id=394"},"modified":"2026-02-10T17:48:05","modified_gmt":"2026-02-10T17:48:05","slug":"pismo-adni","status":"publish","type":"page","link":"https:\/\/samirakentric.com\/sl\/knjige\/pismo-adni\/","title":{"rendered":"PISMO ADNI"},"content":{"rendered":"<div class=\"wpb-content-wrapper\"><p>[vc_row gap=&#8221;15&#8243; equal_height=&#8221;yes&#8221; content_placement=&#8221;middle&#8221;][vc_column width=&#8221;1\/3&#8243;][vc_single_image image=&#8221;361&#8243; img_size=&#8221;large&#8221;][\/vc_column][vc_column width=&#8221;1\/3&#8243;][vc_column_text el_class=&#8221;text-box&#8221;]Moja ljuba Adna,<\/p>\n<p>\u010de si na\u0161la to pismo, je to slabo, zelo slabo. Pisala sem ga v upanju, da ga bova vzeli s sabo na obljubljeno pot. Na cilju bi ga uni\u010dila. \u010ce to bere\u0161, pomeni, da mi ni uspelo.[\/vc_column_text][\/vc_column][vc_column width=&#8221;1\/3&#8243;][vc_single_image image=&#8221;362&#8243; img_size=&#8221;large&#8221;][\/vc_column][\/vc_row]<\/p>\n<\/div>","protected":false},"excerpt":{"rendered":"<p>[vc_row gap=&#8221;15&#8243; equal_height=&#8221;yes&#8221; content_placement=&#8221;middle&#8221;][vc_column width=&#8221;1\/3&#8243;][vc_single_image image=&#8221;361&#8243; img_size=&#8221;large&#8221;][\/vc_column][vc_column width=&#8221;1\/3&#8243;][vc_column_text el_class=&#8221;text-box&#8221;]Moja ljuba Adna, \u010de si na\u0161la to pismo, je to slabo, zelo slabo. Pisala sem ga v upanju, da ga bova vzeli s sabo na obljubljeno pot. Na cilju bi ga uni\u010dila. \u010ce to bere\u0161, pomeni, da mi ni uspelo.[\/vc_column_text][\/vc_column][vc_column width=&#8221;1\/3&#8243;][vc_single_image image=&#8221;362&#8243; img_size=&#8221;large&#8221;][\/vc_column][\/vc_row]<\/p>\n","protected":false},"author":1,"featured_media":369,"parent":304,"menu_order":0,"comment_status":"closed","ping_status":"closed","template":"","meta":{"footnotes":""},"class_list":["post-394","page","type-page","status-publish","has-post-thumbnail","hentry","description-off"],"_links":{"self":[{"href":"https:\/\/samirakentric.com\/sl\/wp-json\/wp\/v2\/pages\/394","targetHints":{"allow":["GET"]}}],"collection":[{"href":"https:\/\/samirakentric.com\/sl\/wp-json\/wp\/v2\/pages"}],"about":[{"href":"https:\/\/samirakentric.com\/sl\/wp-json\/wp\/v2\/types\/page"}],"author":[{"embeddable":true,"href":"https:\/\/samirakentric.com\/sl\/wp-json\/wp\/v2\/users\/1"}],"replies":[{"embeddable":true,"href":"https:\/\/samirakentric.com\/sl\/wp-json\/wp\/v2\/comments?post=394"}],"version-history":[{"count":8,"href":"https:\/\/samirakentric.com\/sl\/wp-json\/wp\/v2\/pages\/394\/revisions"}],"predecessor-version":[{"id":534,"href":"https:\/\/samirakentric.com\/sl\/wp-json\/wp\/v2\/pages\/394\/revisions\/534"}],"up":[{"embeddable":true,"href":"https:\/\/samirakentric.com\/sl\/wp-json\/wp\/v2\/pages\/304"}],"wp:featuredmedia":[{"embeddable":true,"href":"https:\/\/samirakentric.com\/sl\/wp-json\/wp\/v2\/media\/369"}],"wp:attachment":[{"href":"https:\/\/samirakentric.com\/sl\/wp-json\/wp\/v2\/media?parent=394"}],"curies":[{"name":"wp","href":"https:\/\/api.w.org\/{rel}","templated":true}]}}