{"id":308,"date":"2020-04-16T21:00:45","date_gmt":"2020-04-16T21:00:45","guid":{"rendered":"https:\/\/samirakentric.com\/?page_id=308"},"modified":"2026-02-11T14:37:45","modified_gmt":"2026-02-11T14:37:45","slug":"ilustracije","status":"publish","type":"page","link":"https:\/\/samirakentric.com\/sl\/ilustracije\/","title":{"rendered":"ilustracije"},"content":{"rendered":"<div class=\"wpb-content-wrapper\"><p>[vc_row][vc_column][vc_masonry_media_grid gap=&#8221;15&#8243; item=&#8221;180&#8243; grid_id=&#8221;vc_gid:1770820550696-a20127fe-2718-6&#8243; include=&#8221;511,515,513&#8243;][\/vc_column][\/vc_row][vc_row][vc_column css=&#8221;.vc_custom_1770820840831{padding-top: 5em !important;}&#8221;][\/vc_column][\/vc_row][vc_row][vc_column][vc_column_text]<\/p>\n<p style=\"text-align: center;\">za ve\u010d ilustracij obi\u0161\u010dite instagram profil <a href=\"https:\/\/www.instagram.com\/samirakentric\/\">Samira Kentri\u0107 (@samirakentric)<\/a> ali pi\u0161ite avtorici na <a href=\"mailto:samira.kentric@gmail.com\">samira.kentric@gmail.com<\/a><\/p>\n<p>[\/vc_column_text][\/vc_column][\/vc_row]<\/p>\n<\/div>","protected":false},"excerpt":{"rendered":"<p>[vc_row][vc_column][vc_masonry_media_grid gap=&#8221;15&#8243; item=&#8221;180&#8243; grid_id=&#8221;vc_gid:1770820550696-a20127fe-2718-6&#8243; include=&#8221;511,515,513&#8243;][\/vc_column][\/vc_row][vc_row][vc_column css=&#8221;.vc_custom_1770820840831{padding-top: 5em !important;}&#8221;][\/vc_column][\/vc_row][vc_row][vc_column][vc_column_text] za ve\u010d ilustracij obi\u0161\u010dite instagram profil Samira Kentri\u0107 (@samirakentric) ali pi\u0161ite avtorici na samira.kentric@gmail.com [\/vc_column_text][\/vc_column][\/vc_row]<\/p>\n","protected":false},"author":1,"featured_media":0,"parent":0,"menu_order":0,"comment_status":"closed","ping_status":"closed","template":"","meta":{"footnotes":""},"class_list":["post-308","page","type-page","status-publish","hentry"],"_links":{"self":[{"href":"https:\/\/samirakentric.com\/sl\/wp-json\/wp\/v2\/pages\/308","targetHints":{"allow":["GET"]}}],"collection":[{"href":"https:\/\/samirakentric.com\/sl\/wp-json\/wp\/v2\/pages"}],"about":[{"href":"https:\/\/samirakentric.com\/sl\/wp-json\/wp\/v2\/types\/page"}],"author":[{"embeddable":true,"href":"https:\/\/samirakentric.com\/sl\/wp-json\/wp\/v2\/users\/1"}],"replies":[{"embeddable":true,"href":"https:\/\/samirakentric.com\/sl\/wp-json\/wp\/v2\/comments?post=308"}],"version-history":[{"count":9,"href":"https:\/\/samirakentric.com\/sl\/wp-json\/wp\/v2\/pages\/308\/revisions"}],"predecessor-version":[{"id":550,"href":"https:\/\/samirakentric.com\/sl\/wp-json\/wp\/v2\/pages\/308\/revisions\/550"}],"wp:attachment":[{"href":"https:\/\/samirakentric.com\/sl\/wp-json\/wp\/v2\/media?parent=308"}],"curies":[{"name":"wp","href":"https:\/\/api.w.org\/{rel}","templated":true}]}}