{"id":304,"date":"2020-04-16T20:53:11","date_gmt":"2020-04-16T20:53:11","guid":{"rendered":"https:\/\/samirakentric.com\/?page_id=304"},"modified":"2026-02-10T17:44:35","modified_gmt":"2026-02-10T17:44:35","slug":"knjige","status":"publish","type":"page","link":"https:\/\/samirakentric.com\/sl\/knjige\/","title":{"rendered":"knjige"},"content":{"rendered":"<div class=\"wpb-content-wrapper\"><p>[vc_row gap=&#8221;15&#8243; equal_height=&#8221;yes&#8221;][vc_column width=&#8221;3\/4&#8243;][vc_column_text el_class=&#8221;text-box&#8221;]<\/p>\n<h3><a href=\"https:\/\/samirakentric.com\/sl\/knjige\/adna\/\">ADNA<\/a><\/h3>\n<p style=\"text-align: right;\"><a href=\"https:\/\/samirakentric.com\/sl\/knjige\/adna\/\"><em>Mladinska knjiga 2020<\/em><\/a><\/p>\n<p><a href=\"https:\/\/samirakentric.com\/sl\/knjige\/adna\/\">Mlado dekle se soo\u010da s spominom na begunsko preteklost, spra\u0161uje se o smislu bivanja po smrti bli\u017enjih, hromi jo nezmo\u017enost, da bi podelila svojo izku\u0161njo. Molk jo potiska v osamljenost, to pa preganja z be\u017enimi ljubezenskimi sre\u010danji. A v njeno rutino pose\u017ee nepri\u010dakovano do\u017eivetje in Adno preplavijo zatajevana \u010dustva &#8230;<\/a>[\/vc_column_text][\/vc_column][vc_column width=&#8221;1\/4&#8243;][vc_single_image image=&#8221;370&#8243; img_size=&#8221;420&#215;420&#8243; onclick=&#8221;custom_link&#8221; link=&#8221;https:\/\/samirakentric.com\/sl\/knjige\/adna\/&#8221;][\/vc_column][\/vc_row][vc_row gap=&#8221;15&#8243; equal_height=&#8221;yes&#8221;][vc_column width=&#8221;3\/4&#8243;][vc_column_text el_class=&#8221;text-box&#8221;]<\/p>\n<h3><a href=\"https:\/\/samirakentric.com\/sl\/knjige\/pismo-adni\/\">PISMO ADNI<\/a><\/h3>\n<p style=\"text-align: right;\"><a href=\"https:\/\/samirakentric.com\/sl\/knjige\/pismo-adni\/\"><em>Beletrina 2016<\/em><\/a><\/p>\n<p><a href=\"https:\/\/samirakentric.com\/sl\/knjige\/pismo-adni\/\">Adnina skrbnica Hasima je deklici zapustila pismo. Ko se odpravi na pot, Adna odkrije tudi njeno delovno mapo s skicami kriti\u010dnih del, ki jih je ustvarjala. \u010ce pismo kon\u010da Adnino \u017ee tako ne brezskrbno otro\u0161tvo, ji ilustrirani komentarji o svetu, v katerem se je zna\u0161la, razkrijejo \u0161e dvojne standarde de\u017eel, kamor se odpravlja. \u00a0A \u017eelja po novi prilo\u017enosti je neminljiva &#8230;<\/a>[\/vc_column_text][\/vc_column][vc_column width=&#8221;1\/4&#8243;][vc_single_image image=&#8221;369&#8243; img_size=&#8221;420&#215;420&#8243; onclick=&#8221;custom_link&#8221; link=&#8221;https:\/\/samirakentric.com\/sl\/knjige\/pismo-adni\/&#8221;][\/vc_column][\/vc_row][vc_row gap=&#8221;15&#8243; equal_height=&#8221;yes&#8221;][vc_column width=&#8221;3\/5&#8243;][vc_column_text el_class=&#8221;text-box&#8221;]<\/p>\n<h3><a href=\"https:\/\/samirakentric.com\/sl\/knjige\/balkanalije\/\">BALKANALIJE<\/a><br \/>\n<a href=\"https:\/\/samirakentric.com\/sl\/knjige\/balkanalije\/\">odra\u0161\u010danje v \u010dasu tranzicije<\/a><\/h3>\n<p style=\"text-align: right;\"><a href=\"https:\/\/samirakentric.com\/sl\/knjige\/balkanalije\/\"><em>Beletrina 2015<\/em><\/a><\/p>\n<p><a href=\"https:\/\/samirakentric.com\/sl\/knjige\/balkanalije\/\">Osebna pripoved o dozorevanju\u00a0 v razseljeni delavski dru\u017eini v \u010dasu krvavega razpada skupne socialisti\u010dne domovine v globalno tranzicijsko paradigmo privatiziranja in rangiranja vsakogar in vsega.<\/a>[\/vc_column_text][\/vc_column][vc_column width=&#8221;2\/5&#8243;][vc_single_image image=&#8221;368&#8243; img_size=&#8221;445&#215;298&#8243; onclick=&#8221;custom_link&#8221; link=&#8221;https:\/\/samirakentric.com\/sl\/knjige\/balkanalije\/&#8221;][\/vc_column][\/vc_row]<\/p>\n<\/div>","protected":false},"excerpt":{"rendered":"<p>[vc_row gap=&#8221;15&#8243; equal_height=&#8221;yes&#8221;][vc_column width=&#8221;3\/4&#8243;][vc_column_text el_class=&#8221;text-box&#8221;] ADNA Mladinska knjiga 2020 Mlado dekle se soo\u010da s spominom na begunsko preteklost, spra\u0161uje se o smislu bivanja po smrti bli\u017enjih, hromi jo nezmo\u017enost, da bi podelila svojo izku\u0161njo. Molk jo potiska v osamljenost, to pa preganja z be\u017enimi ljubezenskimi sre\u010danji. A v njeno rutino pose\u017ee nepri\u010dakovano do\u017eivetje in Adno&hellip;<\/p>\n","protected":false},"author":1,"featured_media":0,"parent":0,"menu_order":0,"comment_status":"closed","ping_status":"closed","template":"","meta":{"footnotes":""},"class_list":["post-304","page","type-page","status-publish","hentry","description-off"],"_links":{"self":[{"href":"https:\/\/samirakentric.com\/sl\/wp-json\/wp\/v2\/pages\/304","targetHints":{"allow":["GET"]}}],"collection":[{"href":"https:\/\/samirakentric.com\/sl\/wp-json\/wp\/v2\/pages"}],"about":[{"href":"https:\/\/samirakentric.com\/sl\/wp-json\/wp\/v2\/types\/page"}],"author":[{"embeddable":true,"href":"https:\/\/samirakentric.com\/sl\/wp-json\/wp\/v2\/users\/1"}],"replies":[{"embeddable":true,"href":"https:\/\/samirakentric.com\/sl\/wp-json\/wp\/v2\/comments?post=304"}],"version-history":[{"count":7,"href":"https:\/\/samirakentric.com\/sl\/wp-json\/wp\/v2\/pages\/304\/revisions"}],"predecessor-version":[{"id":529,"href":"https:\/\/samirakentric.com\/sl\/wp-json\/wp\/v2\/pages\/304\/revisions\/529"}],"wp:attachment":[{"href":"https:\/\/samirakentric.com\/sl\/wp-json\/wp\/v2\/media?parent=304"}],"curies":[{"name":"wp","href":"https:\/\/api.w.org\/{rel}","templated":true}]}}