{"id":297,"date":"2020-04-16T20:50:34","date_gmt":"2020-04-16T20:50:34","guid":{"rendered":"https:\/\/samirakentric.com\/?page_id=297"},"modified":"2026-02-10T17:32:40","modified_gmt":"2026-02-10T17:32:40","slug":"o-avtorici","status":"publish","type":"page","link":"https:\/\/samirakentric.com\/sl\/o-avtorici\/","title":{"rendered":"o avtorici"},"content":{"rendered":"<div class=\"wpb-content-wrapper\"><p>[vc_row gap=&#8221;15&#8243; equal_height=&#8221;yes&#8221;][vc_column width=&#8221;1\/4&#8243;][\/vc_column][vc_column width=&#8221;1\/2&#8243; offset=&#8221;vc_col-md-offset-0 vc_col-sm-offset-0&#8243;][vc_column_text css_animation=&#8221;none&#8221; el_class=&#8221;about-text&#8221;]<\/p>\n<h3 style=\"text-align: center;\">Samira Kentri\u0107<\/h3>\n<p>ustvarja ilustracije, naslovnice, \u010dlanke in avtorske grafi\u010dne romane. Zanimajo jo usode ljudi v stiski zaradi politi\u010dnih odlo\u010ditev, na katere nimajo vpliva, in nezdravih tradicij, ki \u0161e vedno dolo\u010dajo njihov vsakdan. Kot vizualna umetnica goji posebno naklonjenost do fenomena vida, ki se mu posve\u010da tudi v teoriji. \u017divi in dela v Ljubljani.[\/vc_column_text][\/vc_column][vc_column width=&#8221;1\/4&#8243; offset=&#8221;vc_hidden-sm vc_hidden-xs&#8221;][\/vc_column][\/vc_row]<\/p>\n<\/div>","protected":false},"excerpt":{"rendered":"<p>[vc_row gap=&#8221;15&#8243; equal_height=&#8221;yes&#8221;][vc_column width=&#8221;1\/4&#8243;][\/vc_column][vc_column width=&#8221;1\/2&#8243; offset=&#8221;vc_col-md-offset-0 vc_col-sm-offset-0&#8243;][vc_column_text css_animation=&#8221;none&#8221; el_class=&#8221;about-text&#8221;] Samira Kentri\u0107 ustvarja ilustracije, naslovnice, \u010dlanke in avtorske grafi\u010dne romane. Zanimajo jo usode ljudi v stiski zaradi politi\u010dnih odlo\u010ditev, na katere nimajo vpliva, in nezdravih tradicij, ki \u0161e vedno dolo\u010dajo njihov vsakdan. Kot vizualna umetnica goji posebno naklonjenost do fenomena vida, ki se mu posve\u010da tudi&hellip;<\/p>\n","protected":false},"author":1,"featured_media":0,"parent":0,"menu_order":0,"comment_status":"closed","ping_status":"closed","template":"","meta":{"footnotes":""},"class_list":["post-297","page","type-page","status-publish","hentry","description-off"],"_links":{"self":[{"href":"https:\/\/samirakentric.com\/sl\/wp-json\/wp\/v2\/pages\/297","targetHints":{"allow":["GET"]}}],"collection":[{"href":"https:\/\/samirakentric.com\/sl\/wp-json\/wp\/v2\/pages"}],"about":[{"href":"https:\/\/samirakentric.com\/sl\/wp-json\/wp\/v2\/types\/page"}],"author":[{"embeddable":true,"href":"https:\/\/samirakentric.com\/sl\/wp-json\/wp\/v2\/users\/1"}],"replies":[{"embeddable":true,"href":"https:\/\/samirakentric.com\/sl\/wp-json\/wp\/v2\/comments?post=297"}],"version-history":[{"count":9,"href":"https:\/\/samirakentric.com\/sl\/wp-json\/wp\/v2\/pages\/297\/revisions"}],"predecessor-version":[{"id":524,"href":"https:\/\/samirakentric.com\/sl\/wp-json\/wp\/v2\/pages\/297\/revisions\/524"}],"wp:attachment":[{"href":"https:\/\/samirakentric.com\/sl\/wp-json\/wp\/v2\/media?parent=297"}],"curies":[{"name":"wp","href":"https:\/\/api.w.org\/{rel}","templated":true}]}}